{"id":663914,"date":"2023-12-21T17:07:27","date_gmt":"2023-12-21T16:07:27","guid":{"rendered":"https:\/\/smed.acrowd.se\/?page_id=663914"},"modified":"2024-06-04T15:43:23","modified_gmt":"2024-06-04T13:43:23","slug":"styrelsen","status":"publish","type":"page","link":"https:\/\/sme-d.se\/en\/styrelsen\/","title":{"rendered":"Board of Directors"},"content":{"rendered":"<div style=\"height:var(--wp--preset--spacing--80)\" aria-hidden=\"true\" class=\"wp-block-spacer\"><\/div>\n\n\n\n<h1 class=\"wp-block-heading alignwide has-x-large-font-size\">Board of Directors<\/h1>\n\n\n<section  class=\"tebab-block-person_grid alignwide layout-small\">\n    <div class=\"contained\">\n        <div class=\"grid\">\n            <div class=\"person-card\">\n    \n            <div class=\"featured_image\">\n            <img loading=\"lazy\" decoding=\"async\" width=\"150\" height=\"150\" src=\"https:\/\/sme-d.se\/wp-content\/uploads\/2023\/12\/BRG_7600-150x150.png\" class=\"attachment-thumbnail size-thumbnail\" alt=\"\" srcset=\"https:\/\/sme-d.se\/wp-content\/uploads\/2023\/12\/BRG_7600-150x150.png 150w, https:\/\/sme-d.se\/wp-content\/uploads\/2023\/12\/BRG_7600-300x300.png 300w, https:\/\/sme-d.se\/wp-content\/uploads\/2023\/12\/BRG_7600-1024x1024.png 1024w, https:\/\/sme-d.se\/wp-content\/uploads\/2023\/12\/BRG_7600-768x768.png 768w, https:\/\/sme-d.se\/wp-content\/uploads\/2023\/12\/BRG_7600-1536x1536.png 1536w, https:\/\/sme-d.se\/wp-content\/uploads\/2023\/12\/BRG_7600-2048x2048.png 2048w, https:\/\/sme-d.se\/wp-content\/uploads\/2023\/12\/BRG_7600-1080x1080.png 1080w\" sizes=\"auto, (max-width: 150px) 100vw, 150px\" \/>        <\/div>\n    \n    <div class=\"content-wrapper\">\n        <div class=\"top\">\n                            <div class=\"title\">\n                    Knowit Defence Technology AB                <\/div>\n                    <\/div>\n        \n        <h3>Andreas Nilsson<\/h3>\n\n                    <div class=\"excerpt\">\n                President            <\/div>\n        \n        <div class=\"links\">\n            \n                    <\/div>\n        \n    <\/div>\n<\/div><div class=\"person-card\">\n    \n            <div class=\"featured_image\">\n            <img loading=\"lazy\" decoding=\"async\" width=\"150\" height=\"150\" src=\"https:\/\/sme-d.se\/wp-content\/uploads\/2024\/05\/1738577009769-150x150.jpeg\" class=\"attachment-thumbnail size-thumbnail\" alt=\"\" srcset=\"https:\/\/sme-d.se\/wp-content\/uploads\/2024\/05\/1738577009769-150x150.jpeg 150w, https:\/\/sme-d.se\/wp-content\/uploads\/2024\/05\/1738577009769-300x300.jpeg 300w, https:\/\/sme-d.se\/wp-content\/uploads\/2024\/05\/1738577009769-768x768.jpeg 768w, https:\/\/sme-d.se\/wp-content\/uploads\/2024\/05\/1738577009769.jpeg 800w\" sizes=\"auto, (max-width: 150px) 100vw, 150px\" \/>        <\/div>\n    \n    <div class=\"content-wrapper\">\n        <div class=\"top\">\n                            <div class=\"title\">\n                    Security guard                <\/div>\n                    <\/div>\n        \n        <h3>Helena Innerg\u00e5rd<\/h3>\n\n                    <div class=\"excerpt\">\n                Vice Chairman            <\/div>\n        \n        <div class=\"links\">\n            \n                    <\/div>\n        \n    <\/div>\n<\/div><div class=\"person-card\">\n    \n            <div class=\"featured_image\">\n            <img loading=\"lazy\" decoding=\"async\" width=\"150\" height=\"150\" src=\"https:\/\/sme-d.se\/wp-content\/uploads\/2023\/12\/BRG_7609-150x150.png\" class=\"attachment-thumbnail size-thumbnail\" alt=\"\" srcset=\"https:\/\/sme-d.se\/wp-content\/uploads\/2023\/12\/BRG_7609-150x150.png 150w, https:\/\/sme-d.se\/wp-content\/uploads\/2023\/12\/BRG_7609-300x300.png 300w, https:\/\/sme-d.se\/wp-content\/uploads\/2023\/12\/BRG_7609-1024x1024.png 1024w, https:\/\/sme-d.se\/wp-content\/uploads\/2023\/12\/BRG_7609-768x768.png 768w, https:\/\/sme-d.se\/wp-content\/uploads\/2023\/12\/BRG_7609-1536x1536.png 1536w, https:\/\/sme-d.se\/wp-content\/uploads\/2023\/12\/BRG_7609-2048x2048.png 2048w, https:\/\/sme-d.se\/wp-content\/uploads\/2023\/12\/BRG_7609-1080x1080.png 1080w\" sizes=\"auto, (max-width: 150px) 100vw, 150px\" \/>        <\/div>\n    \n    <div class=\"content-wrapper\">\n        <div class=\"top\">\n                            <div class=\"title\">\n                    RedBlack AB                <\/div>\n                    <\/div>\n        \n        <h3>Mathias Eriksson<\/h3>\n\n        \n        <div class=\"links\">\n            \n                    <\/div>\n        \n    <\/div>\n<\/div><div class=\"person-card\">\n    \n            <div class=\"featured_image\">\n            <img loading=\"lazy\" decoding=\"async\" width=\"150\" height=\"150\" src=\"https:\/\/sme-d.se\/wp-content\/uploads\/2023\/06\/1550477365631-150x150.jpeg\" class=\"attachment-thumbnail size-thumbnail\" alt=\"\" srcset=\"https:\/\/sme-d.se\/wp-content\/uploads\/2023\/06\/1550477365631-150x150.jpeg 150w, https:\/\/sme-d.se\/wp-content\/uploads\/2023\/06\/1550477365631-300x300.jpeg 300w, https:\/\/sme-d.se\/wp-content\/uploads\/2023\/06\/1550477365631.jpeg 500w\" sizes=\"auto, (max-width: 150px) 100vw, 150px\" \/>        <\/div>\n    \n    <div class=\"content-wrapper\">\n        <div class=\"top\">\n                            <div class=\"title\">\n                    Logtrade Technology                <\/div>\n                    <\/div>\n        \n        <h3>Sarah Ali<\/h3>\n\n        \n        <div class=\"links\">\n            \n                    <\/div>\n        \n    <\/div>\n<\/div><div class=\"person-card\">\n    \n            <div class=\"featured_image\">\n            <img loading=\"lazy\" decoding=\"async\" width=\"150\" height=\"150\" src=\"https:\/\/sme-d.se\/wp-content\/uploads\/2023\/06\/ML-150x150.jpg\" class=\"attachment-thumbnail size-thumbnail\" alt=\"\" \/>        <\/div>\n    \n    <div class=\"content-wrapper\">\n        <div class=\"top\">\n                            <div class=\"title\">\n                    CIM coach                <\/div>\n                    <\/div>\n        \n        <h3>Magnus Lavman<\/h3>\n\n        \n        <div class=\"links\">\n            \n                    <\/div>\n        \n    <\/div>\n<\/div><div class=\"person-card\">\n    \n            <div class=\"featured_image\">\n            <img loading=\"lazy\" decoding=\"async\" width=\"150\" height=\"150\" src=\"https:\/\/sme-d.se\/wp-content\/uploads\/2025\/05\/1614630622403-150x150.jpeg\" class=\"attachment-thumbnail size-thumbnail\" alt=\"\" srcset=\"https:\/\/sme-d.se\/wp-content\/uploads\/2025\/05\/1614630622403-150x150.jpeg 150w, https:\/\/sme-d.se\/wp-content\/uploads\/2025\/05\/1614630622403-300x300.jpeg 300w, https:\/\/sme-d.se\/wp-content\/uploads\/2025\/05\/1614630622403-1024x1024.jpeg 1024w, https:\/\/sme-d.se\/wp-content\/uploads\/2025\/05\/1614630622403-768x768.jpeg 768w, https:\/\/sme-d.se\/wp-content\/uploads\/2025\/05\/1614630622403-1080x1080.jpeg 1080w, https:\/\/sme-d.se\/wp-content\/uploads\/2025\/05\/1614630622403.jpeg 1192w\" sizes=\"auto, (max-width: 150px) 100vw, 150px\" \/>        <\/div>\n    \n    <div class=\"content-wrapper\">\n        <div class=\"top\">\n                            <div class=\"title\">\n                    Aquilon Solutions AB                <\/div>\n                    <\/div>\n        \n        <h3>Thomas Lorentzon<\/h3>\n\n        \n        <div class=\"links\">\n            \n                    <\/div>\n        \n    <\/div>\n<\/div>        <\/div>\n    <\/div>\n<\/section>\n\n\n<div style=\"height:var(--wp--preset--spacing--80)\" aria-hidden=\"true\" class=\"wp-block-spacer\"><\/div>","protected":false},"excerpt":{"rendered":"<p>Board of Directors<\/p>","protected":false},"author":2,"featured_media":0,"parent":0,"menu_order":0,"comment_status":"closed","ping_status":"closed","template":"","meta":{"footnotes":""},"class_list":["post-663914","page","type-page","status-publish","hentry"],"acf":[],"yoast_head":"<!-- This site is optimized with the Yoast SEO plugin v27.5 - https:\/\/yoast.com\/product\/yoast-seo-wordpress\/ -->\n<title>Styrelsen - SME-D<\/title>\n<meta name=\"robots\" content=\"index, follow, max-snippet:-1, max-image-preview:large, max-video-preview:-1\" \/>\n<link rel=\"canonical\" href=\"https:\/\/sme-d.se\/en\/styrelsen\/\" \/>\n<meta property=\"og:locale\" content=\"en_US\" \/>\n<meta property=\"og:type\" content=\"article\" \/>\n<meta property=\"og:title\" content=\"Styrelsen - SME-D\" \/>\n<meta property=\"og:description\" content=\"Styrelsen\" \/>\n<meta property=\"og:url\" content=\"https:\/\/sme-d.se\/en\/styrelsen\/\" \/>\n<meta property=\"og:site_name\" content=\"SME-D\" \/>\n<meta property=\"article:modified_time\" content=\"2024-06-04T13:43:23+00:00\" \/>\n<meta name=\"twitter:card\" content=\"summary_large_image\" \/>\n<meta name=\"twitter:label1\" content=\"Est. reading time\" \/>\n\t<meta name=\"twitter:data1\" content=\"1 minute\" \/>\n<script type=\"application\/ld+json\" class=\"yoast-schema-graph\">{\"@context\":\"https:\\\/\\\/schema.org\",\"@graph\":[{\"@type\":\"WebPage\",\"@id\":\"https:\\\/\\\/sme-d.se\\\/styrelsen\\\/\",\"url\":\"https:\\\/\\\/sme-d.se\\\/styrelsen\\\/\",\"name\":\"Styrelsen - SME-D\",\"isPartOf\":{\"@id\":\"https:\\\/\\\/sme-d.se\\\/#website\"},\"datePublished\":\"2023-12-21T16:07:27+00:00\",\"dateModified\":\"2024-06-04T13:43:23+00:00\",\"breadcrumb\":{\"@id\":\"https:\\\/\\\/sme-d.se\\\/styrelsen\\\/#breadcrumb\"},\"inLanguage\":\"en-US\",\"potentialAction\":[{\"@type\":\"ReadAction\",\"target\":[\"https:\\\/\\\/sme-d.se\\\/styrelsen\\\/\"]}]},{\"@type\":\"BreadcrumbList\",\"@id\":\"https:\\\/\\\/sme-d.se\\\/styrelsen\\\/#breadcrumb\",\"itemListElement\":[{\"@type\":\"ListItem\",\"position\":1,\"name\":\"Home\",\"item\":\"https:\\\/\\\/sme-d.se\\\/\"},{\"@type\":\"ListItem\",\"position\":2,\"name\":\"Styrelsen\"}]},{\"@type\":\"WebSite\",\"@id\":\"https:\\\/\\\/sme-d.se\\\/#website\",\"url\":\"https:\\\/\\\/sme-d.se\\\/\",\"name\":\"SME-D\",\"description\":\"Branschorganisationen f\u00f6r sm\u00e5 och medelstora f\u00f6retag (SME) inom svensk f\u00f6rsvarssektor\",\"publisher\":{\"@id\":\"https:\\\/\\\/sme-d.se\\\/#organization\"},\"potentialAction\":[{\"@type\":\"SearchAction\",\"target\":{\"@type\":\"EntryPoint\",\"urlTemplate\":\"https:\\\/\\\/sme-d.se\\\/?s={search_term_string}\"},\"query-input\":{\"@type\":\"PropertyValueSpecification\",\"valueRequired\":true,\"valueName\":\"search_term_string\"}}],\"inLanguage\":\"en-US\"},{\"@type\":\"Organization\",\"@id\":\"https:\\\/\\\/sme-d.se\\\/#organization\",\"name\":\"SME-D\",\"url\":\"https:\\\/\\\/sme-d.se\\\/\",\"logo\":{\"@type\":\"ImageObject\",\"inLanguage\":\"en-US\",\"@id\":\"https:\\\/\\\/sme-d.se\\\/#\\\/schema\\\/logo\\\/image\\\/\",\"url\":\"https:\\\/\\\/sme-d.se\\\/wp-content\\\/uploads\\\/2023\\\/12\\\/SME-logga-ny2-1.png\",\"contentUrl\":\"https:\\\/\\\/sme-d.se\\\/wp-content\\\/uploads\\\/2023\\\/12\\\/SME-logga-ny2-1.png\",\"width\":200,\"height\":58,\"caption\":\"SME-D\"},\"image\":{\"@id\":\"https:\\\/\\\/sme-d.se\\\/#\\\/schema\\\/logo\\\/image\\\/\"}}]}<\/script>\n<!-- \/ Yoast SEO plugin. -->","yoast_head_json":{"title":"Board of Directors - SME-D","robots":{"index":"index","follow":"follow","max-snippet":"max-snippet:-1","max-image-preview":"max-image-preview:large","max-video-preview":"max-video-preview:-1"},"canonical":"https:\/\/sme-d.se\/en\/styrelsen\/","og_locale":"en_US","og_type":"article","og_title":"Styrelsen - SME-D","og_description":"Styrelsen","og_url":"https:\/\/sme-d.se\/en\/styrelsen\/","og_site_name":"SME-D","article_modified_time":"2024-06-04T13:43:23+00:00","twitter_card":"summary_large_image","twitter_misc":{"Est. reading time":"1 minute"},"schema":{"@context":"https:\/\/schema.org","@graph":[{"@type":"WebPage","@id":"https:\/\/sme-d.se\/styrelsen\/","url":"https:\/\/sme-d.se\/styrelsen\/","name":"Board of Directors - SME-D","isPartOf":{"@id":"https:\/\/sme-d.se\/#website"},"datePublished":"2023-12-21T16:07:27+00:00","dateModified":"2024-06-04T13:43:23+00:00","breadcrumb":{"@id":"https:\/\/sme-d.se\/styrelsen\/#breadcrumb"},"inLanguage":"en-US","potentialAction":[{"@type":"ReadAction","target":["https:\/\/sme-d.se\/styrelsen\/"]}]},{"@type":"BreadcrumbList","@id":"https:\/\/sme-d.se\/styrelsen\/#breadcrumb","itemListElement":[{"@type":"ListItem","position":1,"name":"Home","item":"https:\/\/sme-d.se\/"},{"@type":"ListItem","position":2,"name":"Styrelsen"}]},{"@type":"WebSite","@id":"https:\/\/sme-d.se\/#website","url":"https:\/\/sme-d.se\/","name":"SMITH","description":"The industry association for small and medium-sized enterprises (SMEs) in the Swedish defense sector","publisher":{"@id":"https:\/\/sme-d.se\/#organization"},"potentialAction":[{"@type":"SearchAction","target":{"@type":"EntryPoint","urlTemplate":"https:\/\/sme-d.se\/?s={search_term_string}"},"query-input":{"@type":"PropertyValueSpecification","valueRequired":true,"valueName":"search_term_string"}}],"inLanguage":"en-US"},{"@type":"Organization","@id":"https:\/\/sme-d.se\/#organization","name":"SMITH","url":"https:\/\/sme-d.se\/","logo":{"@type":"ImageObject","inLanguage":"en-US","@id":"https:\/\/sme-d.se\/#\/schema\/logo\/image\/","url":"https:\/\/sme-d.se\/wp-content\/uploads\/2023\/12\/SME-logga-ny2-1.png","contentUrl":"https:\/\/sme-d.se\/wp-content\/uploads\/2023\/12\/SME-logga-ny2-1.png","width":200,"height":58,"caption":"SME-D"},"image":{"@id":"https:\/\/sme-d.se\/#\/schema\/logo\/image\/"}}]}},"_links":{"self":[{"href":"https:\/\/sme-d.se\/en\/wp-json\/wp\/v2\/pages\/663914","targetHints":{"allow":["GET"]}}],"collection":[{"href":"https:\/\/sme-d.se\/en\/wp-json\/wp\/v2\/pages"}],"about":[{"href":"https:\/\/sme-d.se\/en\/wp-json\/wp\/v2\/types\/page"}],"author":[{"embeddable":true,"href":"https:\/\/sme-d.se\/en\/wp-json\/wp\/v2\/users\/2"}],"replies":[{"embeddable":true,"href":"https:\/\/sme-d.se\/en\/wp-json\/wp\/v2\/comments?post=663914"}],"version-history":[{"count":14,"href":"https:\/\/sme-d.se\/en\/wp-json\/wp\/v2\/pages\/663914\/revisions"}],"predecessor-version":[{"id":664745,"href":"https:\/\/sme-d.se\/en\/wp-json\/wp\/v2\/pages\/663914\/revisions\/664745"}],"wp:attachment":[{"href":"https:\/\/sme-d.se\/en\/wp-json\/wp\/v2\/media?parent=663914"}],"curies":[{"name":"wp","href":"https:\/\/api.w.org\/{rel}","templated":true}]}}