{"id":663893,"date":"2023-12-21T16:54:50","date_gmt":"2023-12-21T15:54:50","guid":{"rendered":"https:\/\/smed.acrowd.se\/?page_id=663893"},"modified":"2024-02-28T10:59:35","modified_gmt":"2024-02-28T09:59:35","slug":"nyckelaktorer","status":"publish","type":"page","link":"https:\/\/sme-d.se\/en\/nyckelaktorer\/","title":{"rendered":"Key players"},"content":{"rendered":"<div style=\"height:var(--wp--preset--spacing--80)\" aria-hidden=\"true\" class=\"wp-block-spacer\"><\/div>\n\n\n<section  class=\"tebab-block-split_screen alignfull image_alignment-left\">\n    <div class=\"contained\">\n        <div class=\"tebab-block-split_screen__image-wrapper\">\n            <img loading=\"lazy\" decoding=\"async\" width=\"1620\" height=\"1080\" src=\"https:\/\/sme-d.se\/wp-content\/uploads\/2023\/10\/iStock-157282624-scaled-1-1620x1080.jpg\" class=\"attachment-landscape size-landscape\" alt=\"\" srcset=\"https:\/\/sme-d.se\/wp-content\/uploads\/2023\/10\/iStock-157282624-scaled-1-1620x1080.jpg 1620w, https:\/\/sme-d.se\/wp-content\/uploads\/2023\/10\/iStock-157282624-scaled-1-300x200.jpg 300w, https:\/\/sme-d.se\/wp-content\/uploads\/2023\/10\/iStock-157282624-scaled-1-1024x683.jpg 1024w, https:\/\/sme-d.se\/wp-content\/uploads\/2023\/10\/iStock-157282624-scaled-1-768x512.jpg 768w, https:\/\/sme-d.se\/wp-content\/uploads\/2023\/10\/iStock-157282624-scaled-1-1536x1024.jpg 1536w, https:\/\/sme-d.se\/wp-content\/uploads\/2023\/10\/iStock-157282624-scaled-1-2048x1366.jpg 2048w\" sizes=\"auto, (max-width: 1620px) 100vw, 1620px\" \/>        <\/div>\n\n        <div class=\"tebab-block-split_screen__content-wrapper\">\n            <h1>Total defense<\/h1>\n<p>Total defense is an activity that is needed to prepare Sweden for war. During the highest state of readiness, total defense is all activities that must be conducted at that time. Total defense consists of military defense and civil defense. The overall goal of total defense shall be to have the ability to defend Sweden against armed attack and protect our security, freedom, independence and freedom of action. Activities within total defense shall be able to be conducted individually and together with others, within and outside the country. Read more about total defense on the Swedish Armed Forces website.<\/p>\n\n                            <div class=\"tebab-block-split_screen__buttons\">\n                                            <a href=\"https:\/\/www.forsvarsmakten.se\/sv\/om-forsvarsmakten\/totalforsvaret\/?TSPD_101_R0=08054bd396ab2000c8ad4863bda98a0a8d9e73086503c9706db256b4252cd07a15032cf25760f18208de22d1a91430000a545b26007a74dc5b60bd7ff93e2b093efc884c39950950deb340d1df954a89b03c71890a9d2a3a97c4ea78f0869373\" class=\"button outlined\" target=\"\" rel=\"noreferrer\">About total defense<\/a>\n                                    <\/div>\n            \n        <\/div>\n    <\/div>\n<\/section>\n\n\n<div style=\"height:var(--wp--preset--spacing--80)\" aria-hidden=\"true\" class=\"wp-block-spacer\"><\/div>\n\n\n<section  class=\"tebab-block-split_screen alignfull image_alignment-right\">\n    <div class=\"contained\">\n        <div class=\"tebab-block-split_screen__image-wrapper\">\n            <img loading=\"lazy\" decoding=\"async\" width=\"720\" height=\"1080\" src=\"https:\/\/sme-d.se\/wp-content\/uploads\/2024\/01\/broschyr_hand_staende2-720x1080.jpg\" class=\"attachment-landscape size-landscape\" alt=\"\" srcset=\"https:\/\/sme-d.se\/wp-content\/uploads\/2024\/01\/broschyr_hand_staende2-720x1080.jpg 720w, https:\/\/sme-d.se\/wp-content\/uploads\/2024\/01\/broschyr_hand_staende2-200x300.jpg 200w, https:\/\/sme-d.se\/wp-content\/uploads\/2024\/01\/broschyr_hand_staende2-683x1024.jpg 683w, https:\/\/sme-d.se\/wp-content\/uploads\/2024\/01\/broschyr_hand_staende2-768x1152.jpg 768w, https:\/\/sme-d.se\/wp-content\/uploads\/2024\/01\/broschyr_hand_staende2-1024x1536.jpg 1024w, https:\/\/sme-d.se\/wp-content\/uploads\/2024\/01\/broschyr_hand_staende2-1365x2048.jpg 1365w, https:\/\/sme-d.se\/wp-content\/uploads\/2024\/01\/broschyr_hand_staende2-scaled.jpg 1707w\" sizes=\"auto, (max-width: 720px) 100vw, 720px\" \/>        <\/div>\n\n        <div class=\"tebab-block-split_screen__content-wrapper\">\n            <h2>Emergency authorities<\/h2>\n<p>60 government agencies are so-called emergency response agencies. These are agencies with particular importance for society&#039;s crisis preparedness and total defense. The agencies must have a good ability to resist threats and risks, prevent vulnerabilities, handle peacetime crisis situations and carry out their tasks during high alert. The 60 consist of 21 county administrative boards and 39 central agencies.<\/p>\n\n                            <div class=\"tebab-block-split_screen__buttons\">\n                                            <a href=\"https:\/\/www.msb.se\/sv\/amnesomraden\/krisberedskap--civilt-forsvar\/det-svenska-civila-beredskapssystemet\/strukturreform-av-krisberedskap-och-civilt-forsvar\/#bredskapsmyndigheter\" class=\"button outlined\" target=\"\" rel=\"noreferrer\">Read more here<\/a>\n                                    <\/div>\n            \n        <\/div>\n    <\/div>\n<\/section>\n\n\n<div style=\"height:var(--wp--preset--spacing--80)\" aria-hidden=\"true\" class=\"wp-block-spacer\"><\/div>\n\n\n\n<section  class=\"tebab-block-text_columns alignfull\">\n\t<div class=\"contained\">\n\t\t<div class=\"columns\">\n\t\t\t\t\t\t\t<div class=\"column has-image\">\n\t\t\t\t\t \n\t\t\t\t\t\t<div class=\"image\">\n\t\t\t\t\t\t\t<img loading=\"lazy\" decoding=\"async\" width=\"1024\" height=\"678\" src=\"https:\/\/sme-d.se\/wp-content\/uploads\/2023\/11\/shutterstock_2113634360-scaled-1-1024x678.jpg\" class=\"attachment-large size-large\" alt=\"\" srcset=\"https:\/\/sme-d.se\/wp-content\/uploads\/2023\/11\/shutterstock_2113634360-scaled-1-1024x678.jpg 1024w, https:\/\/sme-d.se\/wp-content\/uploads\/2023\/11\/shutterstock_2113634360-scaled-1-300x199.jpg 300w, https:\/\/sme-d.se\/wp-content\/uploads\/2023\/11\/shutterstock_2113634360-scaled-1-768x508.jpg 768w, https:\/\/sme-d.se\/wp-content\/uploads\/2023\/11\/shutterstock_2113634360-scaled-1-1536x1016.jpg 1536w, https:\/\/sme-d.se\/wp-content\/uploads\/2023\/11\/shutterstock_2113634360-scaled-1-2048x1355.jpg 2048w, https:\/\/sme-d.se\/wp-content\/uploads\/2023\/11\/shutterstock_2113634360-scaled-1-1632x1080.jpg 1632w\" sizes=\"auto, (max-width: 1024px) 100vw, 1024px\" \/>\t\t\t\t\t\t<\/div>\n\t\t\t\t\t\t\t\t\t\t<div class=\"content\">\n\t\t\t\t\t\t<h3 class=\"column-title\">NATO<\/h3>\n\t\t\t\t\t\t<p class=\"column-text\">The North Atlantic Treaty Organization (abbreviated NATO after the English name North Atlantic Treaty Organization) is an intergovernmental military alliance between 31 states in Europe and North America.<\/p>\n\t\t\t\t\t\t\t\t\t\t\t\t\t<a href=\"\/en\/nato\/\" class=\"column-link button\">\n\t\t\t\t\t\t\t\tRead more\t\t\t\t\t\t\t<\/a>\n\t\t\t\t\t\t\t\t\t\t\t<\/div>\n\t\t\t\t<\/div>\n\t\t\t\t\t\t\t<div class=\"column has-image\">\n\t\t\t\t\t \n\t\t\t\t\t\t<div class=\"image\">\n\t\t\t\t\t\t\t<img loading=\"lazy\" decoding=\"async\" width=\"800\" height=\"600\" src=\"https:\/\/sme-d.se\/wp-content\/uploads\/2023\/12\/EDA-Logo-800x445-1.jpg\" class=\"attachment-large size-large\" alt=\"\" srcset=\"https:\/\/sme-d.se\/wp-content\/uploads\/2023\/12\/EDA-Logo-800x445-1.jpg 800w, https:\/\/sme-d.se\/wp-content\/uploads\/2023\/12\/EDA-Logo-800x445-1-300x225.jpg 300w, https:\/\/sme-d.se\/wp-content\/uploads\/2023\/12\/EDA-Logo-800x445-1-768x576.jpg 768w\" sizes=\"auto, (max-width: 800px) 100vw, 800px\" \/>\t\t\t\t\t\t<\/div>\n\t\t\t\t\t\t\t\t\t\t<div class=\"content\">\n\t\t\t\t\t\t<h3 class=\"column-title\">European Defence Agency (EDA)<\/h3>\n\t\t\t\t\t\t<p class=\"column-text\">The European Defence Agency was established in 2004. It helps the 27 Member States (all EU countries) to develop their military capabilities. It promotes cooperation, develops new initiatives and solutions to improve defence capabilities and assists Member States wishing to develop a common defence capability.<\/p>\n\t\t\t\t\t\t\t\t\t\t\t<\/div>\n\t\t\t\t<\/div>\n\t\t\t\t\t\t\t<div class=\"column has-image\">\n\t\t\t\t\t \n\t\t\t\t\t\t<div class=\"image\">\n\t\t\t\t\t\t\t<img loading=\"lazy\" decoding=\"async\" width=\"1024\" height=\"621\" src=\"https:\/\/sme-d.se\/wp-content\/uploads\/2023\/10\/European-Defence-Fund-scaled-1-1024x621.jpg\" class=\"attachment-large size-large\" alt=\"\" srcset=\"https:\/\/sme-d.se\/wp-content\/uploads\/2023\/10\/European-Defence-Fund-scaled-1-1024x621.jpg 1024w, https:\/\/sme-d.se\/wp-content\/uploads\/2023\/10\/European-Defence-Fund-scaled-1-300x182.jpg 300w, https:\/\/sme-d.se\/wp-content\/uploads\/2023\/10\/European-Defence-Fund-scaled-1-768x466.jpg 768w, https:\/\/sme-d.se\/wp-content\/uploads\/2023\/10\/European-Defence-Fund-scaled-1-1536x931.jpg 1536w, https:\/\/sme-d.se\/wp-content\/uploads\/2023\/10\/European-Defence-Fund-scaled-1-2048x1242.jpg 2048w, https:\/\/sme-d.se\/wp-content\/uploads\/2023\/10\/European-Defence-Fund-scaled-1-1781x1080.jpg 1781w\" sizes=\"auto, (max-width: 1024px) 100vw, 1024px\" \/>\t\t\t\t\t\t<\/div>\n\t\t\t\t\t\t\t\t\t\t<div class=\"content\">\n\t\t\t\t\t\t<h3 class=\"column-title\">The European Defence Fund<\/h3>\n\t\t\t\t\t\t<p class=\"column-text\">The purpose of the European Defence Fund (EDF) is to promote the development of a strong, competitive and innovative European defence industry.<br \/>\r\n<\/p>\n\t\t\t\t\t\t\t\t\t\t\t<\/div>\n\t\t\t\t<\/div>\n\t\t\t\t\t<\/div>\n\t<\/div>\n<\/section>\n\n\n<div style=\"height:var(--wp--preset--spacing--80)\" aria-hidden=\"true\" class=\"wp-block-spacer\"><\/div>\n\n\n<section  class=\"tebab-block-split_screen alignfull image_alignment-right\">\n    <div class=\"contained\">\n        <div class=\"tebab-block-split_screen__image-wrapper\">\n            <img loading=\"lazy\" decoding=\"async\" width=\"1516\" height=\"1080\" src=\"https:\/\/sme-d.se\/wp-content\/uploads\/2023\/11\/shutterstock_607347791-scaled-1-1516x1080.jpg\" class=\"attachment-landscape size-landscape\" alt=\"\" srcset=\"https:\/\/sme-d.se\/wp-content\/uploads\/2023\/11\/shutterstock_607347791-scaled-1-1516x1080.jpg 1516w, https:\/\/sme-d.se\/wp-content\/uploads\/2023\/11\/shutterstock_607347791-scaled-1-300x214.jpg 300w, https:\/\/sme-d.se\/wp-content\/uploads\/2023\/11\/shutterstock_607347791-scaled-1-1024x730.jpg 1024w, https:\/\/sme-d.se\/wp-content\/uploads\/2023\/11\/shutterstock_607347791-scaled-1-768x547.jpg 768w, https:\/\/sme-d.se\/wp-content\/uploads\/2023\/11\/shutterstock_607347791-scaled-1-1536x1094.jpg 1536w, https:\/\/sme-d.se\/wp-content\/uploads\/2023\/11\/shutterstock_607347791-scaled-1-2048x1459.jpg 2048w\" sizes=\"auto, (max-width: 1516px) 100vw, 1516px\" \/>        <\/div>\n\n        <div class=\"tebab-block-split_screen__content-wrapper\">\n            <h2>Voluntary defense organizations<\/h2>\n<p>Voluntary defense organizations (FFO) have existed for more than 100 years and play an important role in Sweden&#039;s crisis and war preparedness. There are 18 voluntary defense organizations in Sweden with around 350,000 committed members of various ages. They are located at local level throughout the country. FFO has special missions within crisis preparedness and total defense and is financed by government funds through MSB and the Swedish Armed Forces.<\/p>\n\n                            <div class=\"tebab-block-split_screen__buttons\">\n                                            <a href=\"https:\/\/frivilligforsvaret.se\" class=\"button outlined\" target=\"\" rel=\"noreferrer\">Read more here<\/a>\n                                    <\/div>\n            \n        <\/div>\n    <\/div>\n<\/section>\n\n\n<div style=\"height:var(--wp--preset--spacing--80)\" aria-hidden=\"true\" class=\"wp-block-spacer\"><\/div>","protected":false},"excerpt":{"rendered":"","protected":false},"author":2,"featured_media":0,"parent":0,"menu_order":0,"comment_status":"closed","ping_status":"closed","template":"","meta":{"footnotes":""},"class_list":["post-663893","page","type-page","status-publish","hentry"],"acf":[],"yoast_head":"<!-- This site is optimized with the Yoast SEO plugin v27.5 - https:\/\/yoast.com\/product\/yoast-seo-wordpress\/ -->\n<title>Nyckelakt\u00f6rer - SME-D<\/title>\n<meta name=\"robots\" content=\"index, follow, max-snippet:-1, max-image-preview:large, max-video-preview:-1\" \/>\n<link rel=\"canonical\" href=\"https:\/\/sme-d.se\/en\/nyckelaktorer\/\" \/>\n<meta property=\"og:locale\" content=\"en_US\" \/>\n<meta property=\"og:type\" content=\"article\" \/>\n<meta property=\"og:title\" content=\"Nyckelakt\u00f6rer - SME-D\" \/>\n<meta property=\"og:url\" content=\"https:\/\/sme-d.se\/en\/nyckelaktorer\/\" \/>\n<meta property=\"og:site_name\" content=\"SME-D\" \/>\n<meta property=\"article:modified_time\" content=\"2024-02-28T09:59:35+00:00\" \/>\n<meta name=\"twitter:card\" content=\"summary_large_image\" \/>\n<script type=\"application\/ld+json\" class=\"yoast-schema-graph\">{\"@context\":\"https:\\\/\\\/schema.org\",\"@graph\":[{\"@type\":\"WebPage\",\"@id\":\"https:\\\/\\\/sme-d.se\\\/nyckelaktorer\\\/\",\"url\":\"https:\\\/\\\/sme-d.se\\\/nyckelaktorer\\\/\",\"name\":\"Nyckelakt\u00f6rer - SME-D\",\"isPartOf\":{\"@id\":\"https:\\\/\\\/sme-d.se\\\/#website\"},\"datePublished\":\"2023-12-21T15:54:50+00:00\",\"dateModified\":\"2024-02-28T09:59:35+00:00\",\"breadcrumb\":{\"@id\":\"https:\\\/\\\/sme-d.se\\\/nyckelaktorer\\\/#breadcrumb\"},\"inLanguage\":\"en-US\",\"potentialAction\":[{\"@type\":\"ReadAction\",\"target\":[\"https:\\\/\\\/sme-d.se\\\/nyckelaktorer\\\/\"]}]},{\"@type\":\"BreadcrumbList\",\"@id\":\"https:\\\/\\\/sme-d.se\\\/nyckelaktorer\\\/#breadcrumb\",\"itemListElement\":[{\"@type\":\"ListItem\",\"position\":1,\"name\":\"Home\",\"item\":\"https:\\\/\\\/sme-d.se\\\/\"},{\"@type\":\"ListItem\",\"position\":2,\"name\":\"Nyckelakt\u00f6rer\"}]},{\"@type\":\"WebSite\",\"@id\":\"https:\\\/\\\/sme-d.se\\\/#website\",\"url\":\"https:\\\/\\\/sme-d.se\\\/\",\"name\":\"SME-D\",\"description\":\"Branschorganisationen f\u00f6r sm\u00e5 och medelstora f\u00f6retag (SME) inom svensk f\u00f6rsvarssektor\",\"publisher\":{\"@id\":\"https:\\\/\\\/sme-d.se\\\/#organization\"},\"potentialAction\":[{\"@type\":\"SearchAction\",\"target\":{\"@type\":\"EntryPoint\",\"urlTemplate\":\"https:\\\/\\\/sme-d.se\\\/?s={search_term_string}\"},\"query-input\":{\"@type\":\"PropertyValueSpecification\",\"valueRequired\":true,\"valueName\":\"search_term_string\"}}],\"inLanguage\":\"en-US\"},{\"@type\":\"Organization\",\"@id\":\"https:\\\/\\\/sme-d.se\\\/#organization\",\"name\":\"SME-D\",\"url\":\"https:\\\/\\\/sme-d.se\\\/\",\"logo\":{\"@type\":\"ImageObject\",\"inLanguage\":\"en-US\",\"@id\":\"https:\\\/\\\/sme-d.se\\\/#\\\/schema\\\/logo\\\/image\\\/\",\"url\":\"https:\\\/\\\/sme-d.se\\\/wp-content\\\/uploads\\\/2023\\\/12\\\/SME-logga-ny2-1.png\",\"contentUrl\":\"https:\\\/\\\/sme-d.se\\\/wp-content\\\/uploads\\\/2023\\\/12\\\/SME-logga-ny2-1.png\",\"width\":200,\"height\":58,\"caption\":\"SME-D\"},\"image\":{\"@id\":\"https:\\\/\\\/sme-d.se\\\/#\\\/schema\\\/logo\\\/image\\\/\"}}]}<\/script>\n<!-- \/ Yoast SEO plugin. -->","yoast_head_json":{"title":"Key players - SME-D","robots":{"index":"index","follow":"follow","max-snippet":"max-snippet:-1","max-image-preview":"max-image-preview:large","max-video-preview":"max-video-preview:-1"},"canonical":"https:\/\/sme-d.se\/en\/nyckelaktorer\/","og_locale":"en_US","og_type":"article","og_title":"Nyckelakt\u00f6rer - SME-D","og_url":"https:\/\/sme-d.se\/en\/nyckelaktorer\/","og_site_name":"SME-D","article_modified_time":"2024-02-28T09:59:35+00:00","twitter_card":"summary_large_image","schema":{"@context":"https:\/\/schema.org","@graph":[{"@type":"WebPage","@id":"https:\/\/sme-d.se\/nyckelaktorer\/","url":"https:\/\/sme-d.se\/nyckelaktorer\/","name":"Key players - SME-D","isPartOf":{"@id":"https:\/\/sme-d.se\/#website"},"datePublished":"2023-12-21T15:54:50+00:00","dateModified":"2024-02-28T09:59:35+00:00","breadcrumb":{"@id":"https:\/\/sme-d.se\/nyckelaktorer\/#breadcrumb"},"inLanguage":"en-US","potentialAction":[{"@type":"ReadAction","target":["https:\/\/sme-d.se\/nyckelaktorer\/"]}]},{"@type":"BreadcrumbList","@id":"https:\/\/sme-d.se\/nyckelaktorer\/#breadcrumb","itemListElement":[{"@type":"ListItem","position":1,"name":"Home","item":"https:\/\/sme-d.se\/"},{"@type":"ListItem","position":2,"name":"Nyckelakt\u00f6rer"}]},{"@type":"WebSite","@id":"https:\/\/sme-d.se\/#website","url":"https:\/\/sme-d.se\/","name":"SMITH","description":"The industry association for small and medium-sized enterprises (SMEs) in the Swedish defense sector","publisher":{"@id":"https:\/\/sme-d.se\/#organization"},"potentialAction":[{"@type":"SearchAction","target":{"@type":"EntryPoint","urlTemplate":"https:\/\/sme-d.se\/?s={search_term_string}"},"query-input":{"@type":"PropertyValueSpecification","valueRequired":true,"valueName":"search_term_string"}}],"inLanguage":"en-US"},{"@type":"Organization","@id":"https:\/\/sme-d.se\/#organization","name":"SMITH","url":"https:\/\/sme-d.se\/","logo":{"@type":"ImageObject","inLanguage":"en-US","@id":"https:\/\/sme-d.se\/#\/schema\/logo\/image\/","url":"https:\/\/sme-d.se\/wp-content\/uploads\/2023\/12\/SME-logga-ny2-1.png","contentUrl":"https:\/\/sme-d.se\/wp-content\/uploads\/2023\/12\/SME-logga-ny2-1.png","width":200,"height":58,"caption":"SME-D"},"image":{"@id":"https:\/\/sme-d.se\/#\/schema\/logo\/image\/"}}]}},"_links":{"self":[{"href":"https:\/\/sme-d.se\/en\/wp-json\/wp\/v2\/pages\/663893","targetHints":{"allow":["GET"]}}],"collection":[{"href":"https:\/\/sme-d.se\/en\/wp-json\/wp\/v2\/pages"}],"about":[{"href":"https:\/\/sme-d.se\/en\/wp-json\/wp\/v2\/types\/page"}],"author":[{"embeddable":true,"href":"https:\/\/sme-d.se\/en\/wp-json\/wp\/v2\/users\/2"}],"replies":[{"embeddable":true,"href":"https:\/\/sme-d.se\/en\/wp-json\/wp\/v2\/comments?post=663893"}],"version-history":[{"count":7,"href":"https:\/\/sme-d.se\/en\/wp-json\/wp\/v2\/pages\/663893\/revisions"}],"predecessor-version":[{"id":664481,"href":"https:\/\/sme-d.se\/en\/wp-json\/wp\/v2\/pages\/663893\/revisions\/664481"}],"wp:attachment":[{"href":"https:\/\/sme-d.se\/en\/wp-json\/wp\/v2\/media?parent=663893"}],"curies":[{"name":"wp","href":"https:\/\/api.w.org\/{rel}","templated":true}]}}