{"id":663891,"date":"2023-12-21T16:51:24","date_gmt":"2023-12-21T15:51:24","guid":{"rendered":"https:\/\/smed.acrowd.se\/?page_id=663891"},"modified":"2026-01-13T17:36:02","modified_gmt":"2026-01-13T16:36:02","slug":"medlemskap","status":"publish","type":"page","link":"https:\/\/sme-d.se\/en\/medlemskap\/","title":{"rendered":"Membership"},"content":{"rendered":"<div style=\"height:var(--wp--preset--spacing--80)\" aria-hidden=\"true\" class=\"wp-block-spacer\"><\/div>\n\n\n<section  class=\"tebab-block-split_screen alignfull image_alignment-left\">\n    <div class=\"contained\">\n        <div class=\"tebab-block-split_screen__image-wrapper\">\n            <img loading=\"lazy\" decoding=\"async\" width=\"1440\" height=\"1080\" src=\"https:\/\/sme-d.se\/wp-content\/uploads\/2024\/01\/IMG_0195-1440x1080.jpg\" class=\"attachment-landscape size-landscape\" alt=\"\" srcset=\"https:\/\/sme-d.se\/wp-content\/uploads\/2024\/01\/IMG_0195-1440x1080.jpg 1440w, https:\/\/sme-d.se\/wp-content\/uploads\/2024\/01\/IMG_0195-300x225.jpg 300w, https:\/\/sme-d.se\/wp-content\/uploads\/2024\/01\/IMG_0195-1024x768.jpg 1024w, https:\/\/sme-d.se\/wp-content\/uploads\/2024\/01\/IMG_0195-768x576.jpg 768w, https:\/\/sme-d.se\/wp-content\/uploads\/2024\/01\/IMG_0195-1536x1152.jpg 1536w, https:\/\/sme-d.se\/wp-content\/uploads\/2024\/01\/IMG_0195-2048x1536.jpg 2048w\" sizes=\"auto, (max-width: 1440px) 100vw, 1440px\" \/>        <\/div>\n\n        <div class=\"tebab-block-split_screen__content-wrapper\">\n            <h1>With us you get more!<\/h1>\n<p>As a member of SME-D, you receive, among other things:<!-- \/wp:list --><\/p>\n<ul>\n<li style=\"font-weight: 400;\">Access to SME-D&#039;s activities and meetings<\/li>\n<li style=\"font-weight: 400;\">Opportunity to participate in SME-D&#039;s advocacy work<\/li>\n<li style=\"font-weight: 400;\">Access to a broad network throughout the defense sector<\/li>\n<li style=\"font-weight: 400;\">Access to global monitoring, market analyses and trend intelligence<\/li>\n<li style=\"font-weight: 400;\">Access to total defense authorities<\/li>\n<li style=\"font-weight: 400;\">Dialogue with national politicians<\/li>\n<li style=\"font-weight: 400;\">Training opportunities, including through FMV and the Swedish Armed Forces<\/li>\n<li style=\"font-weight: 400;\">Represent SME-D in various arenas, both nationally and internationally<\/li>\n<\/ul>\n\n                            <div class=\"tebab-block-split_screen__buttons\">\n                                            <a href=\"https:\/\/sme-d.se\/en\/dokument\/medlemsansokan\/\" class=\"button primary\" target=\"\" rel=\"noreferrer\">Membership application<\/a>\n                                            <a href=\"https:\/\/sme-d.se\/en\/dokument\/tillsammans-for-ett-starkt-forsvar\/\" class=\"button outlined\" target=\"\" rel=\"noreferrer\">Information sheet<\/a>\n                                    <\/div>\n            \n        <\/div>\n    <\/div>\n<\/section>\n\n\n<div style=\"height:81px\" aria-hidden=\"true\" class=\"wp-block-spacer\"><\/div>\n\n\n\n<div class=\"wp-block-group alignwide tebab-form-image is-content-justification-left is-nowrap is-layout-flex wp-container-core-group-is-layout-f56a869c wp-block-group-is-layout-flex\">\n<div class=\"wp-block-group tebab-form-image__content has-white-background-color has-background wp-container-content-9cfa9a5a is-layout-flow wp-block-group-is-layout-flow\">\n<h2 class=\"wp-block-heading\">Registration of interest for membership<\/h2>\n\n\n<section  class=\"tebab-block-form\">\n    <form data-tebab-form=\"block_779cc73a6d86d89c9a8cb53efcbf5381\" data-tebab-page=\"663891\" action=\"\">\n        <label class=\"input-wrapper required\" for=\"intresseanmalan-medlemskap\">\n    <span>Email: *<\/span>\n    <input type=\"email\" name=\"intresseanmalan-medlemskap\" id=\"intresseanmalan-medlemskap\" placeholder=\"example@sme-d.se\" required>\n<\/label>\n        <div class=\"input-wrapper\">\n            <button type=\"submit\" class=\"button\">Send<\/button>\n        <\/div>\n\n            <input type=\"hidden\" name=\"trp-form-language\" value=\"en\"\/><\/form>\n<\/section><\/div>\n\n\n\n<figure class=\"wp-block-image size-full is-resized is-style-rounded\"><img loading=\"lazy\" decoding=\"async\" width=\"2560\" height=\"1707\" src=\"https:\/\/smed.acrowd.se\/wp-content\/uploads\/2023\/10\/IMG_3782-scaled-1.jpg\" alt=\"\" class=\"wp-image-663353\" style=\"aspect-ratio:1;object-fit:cover;width:634px;height:auto\" srcset=\"https:\/\/sme-d.se\/wp-content\/uploads\/2023\/10\/IMG_3782-scaled-1.jpg 2560w, https:\/\/sme-d.se\/wp-content\/uploads\/2023\/10\/IMG_3782-scaled-1-300x200.jpg 300w, https:\/\/sme-d.se\/wp-content\/uploads\/2023\/10\/IMG_3782-scaled-1-1024x683.jpg 1024w, https:\/\/sme-d.se\/wp-content\/uploads\/2023\/10\/IMG_3782-scaled-1-768x512.jpg 768w, https:\/\/sme-d.se\/wp-content\/uploads\/2023\/10\/IMG_3782-scaled-1-1536x1024.jpg 1536w, https:\/\/sme-d.se\/wp-content\/uploads\/2023\/10\/IMG_3782-scaled-1-2048x1366.jpg 2048w, https:\/\/sme-d.se\/wp-content\/uploads\/2023\/10\/IMG_3782-scaled-1-1620x1080.jpg 1620w\" sizes=\"auto, (max-width: 2560px) 100vw, 2560px\" \/><\/figure>\n<\/div>\n\n\n\n<div style=\"height:var(--wp--preset--spacing--80)\" aria-hidden=\"true\" class=\"wp-block-spacer\"><\/div>\n\n\n\n\n\n<div style=\"height:var(--wp--preset--spacing--80)\" aria-hidden=\"true\" class=\"wp-block-spacer\"><\/div>","protected":false},"excerpt":{"rendered":"<p>Registration of interest for membership<\/p>","protected":false},"author":2,"featured_media":0,"parent":0,"menu_order":0,"comment_status":"closed","ping_status":"closed","template":"","meta":{"footnotes":""},"class_list":["post-663891","page","type-page","status-publish","hentry"],"acf":[],"yoast_head":"<!-- This site is optimized with the Yoast SEO plugin v27.5 - https:\/\/yoast.com\/product\/yoast-seo-wordpress\/ -->\n<title>Medlemskap - SME-D<\/title>\n<meta name=\"robots\" content=\"index, follow, max-snippet:-1, max-image-preview:large, max-video-preview:-1\" \/>\n<link rel=\"canonical\" href=\"https:\/\/sme-d.se\/en\/medlemskap\/\" \/>\n<meta property=\"og:locale\" content=\"en_US\" \/>\n<meta property=\"og:type\" content=\"article\" \/>\n<meta property=\"og:title\" content=\"Medlemskap - SME-D\" \/>\n<meta property=\"og:description\" content=\"Intresseanm\u00e4lan medlemskap\" \/>\n<meta property=\"og:url\" content=\"https:\/\/sme-d.se\/en\/medlemskap\/\" \/>\n<meta property=\"og:site_name\" content=\"SME-D\" \/>\n<meta property=\"article:modified_time\" content=\"2026-01-13T16:36:02+00:00\" \/>\n<meta property=\"og:image\" content=\"https:\/\/smed.acrowd.se\/wp-content\/uploads\/2023\/10\/IMG_3782-scaled-1.jpg\" \/>\n<meta name=\"twitter:card\" content=\"summary_large_image\" \/>\n<meta name=\"twitter:label1\" content=\"Est. reading time\" \/>\n\t<meta name=\"twitter:data1\" content=\"1 minute\" \/>\n<script type=\"application\/ld+json\" class=\"yoast-schema-graph\">{\"@context\":\"https:\\\/\\\/schema.org\",\"@graph\":[{\"@type\":\"WebPage\",\"@id\":\"https:\\\/\\\/sme-d.se\\\/medlemskap\\\/\",\"url\":\"https:\\\/\\\/sme-d.se\\\/medlemskap\\\/\",\"name\":\"Medlemskap - SME-D\",\"isPartOf\":{\"@id\":\"https:\\\/\\\/sme-d.se\\\/#website\"},\"primaryImageOfPage\":{\"@id\":\"https:\\\/\\\/sme-d.se\\\/medlemskap\\\/#primaryimage\"},\"image\":{\"@id\":\"https:\\\/\\\/sme-d.se\\\/medlemskap\\\/#primaryimage\"},\"thumbnailUrl\":\"https:\\\/\\\/smed.acrowd.se\\\/wp-content\\\/uploads\\\/2023\\\/10\\\/IMG_3782-scaled-1.jpg\",\"datePublished\":\"2023-12-21T15:51:24+00:00\",\"dateModified\":\"2026-01-13T16:36:02+00:00\",\"breadcrumb\":{\"@id\":\"https:\\\/\\\/sme-d.se\\\/medlemskap\\\/#breadcrumb\"},\"inLanguage\":\"en-US\",\"potentialAction\":[{\"@type\":\"ReadAction\",\"target\":[\"https:\\\/\\\/sme-d.se\\\/medlemskap\\\/\"]}]},{\"@type\":\"ImageObject\",\"inLanguage\":\"en-US\",\"@id\":\"https:\\\/\\\/sme-d.se\\\/medlemskap\\\/#primaryimage\",\"url\":\"https:\\\/\\\/smed.acrowd.se\\\/wp-content\\\/uploads\\\/2023\\\/10\\\/IMG_3782-scaled-1.jpg\",\"contentUrl\":\"https:\\\/\\\/smed.acrowd.se\\\/wp-content\\\/uploads\\\/2023\\\/10\\\/IMG_3782-scaled-1.jpg\"},{\"@type\":\"BreadcrumbList\",\"@id\":\"https:\\\/\\\/sme-d.se\\\/medlemskap\\\/#breadcrumb\",\"itemListElement\":[{\"@type\":\"ListItem\",\"position\":1,\"name\":\"Home\",\"item\":\"https:\\\/\\\/sme-d.se\\\/\"},{\"@type\":\"ListItem\",\"position\":2,\"name\":\"Medlemskap\"}]},{\"@type\":\"WebSite\",\"@id\":\"https:\\\/\\\/sme-d.se\\\/#website\",\"url\":\"https:\\\/\\\/sme-d.se\\\/\",\"name\":\"SME-D\",\"description\":\"Branschorganisationen f\u00f6r sm\u00e5 och medelstora f\u00f6retag (SME) inom svensk f\u00f6rsvarssektor\",\"publisher\":{\"@id\":\"https:\\\/\\\/sme-d.se\\\/#organization\"},\"potentialAction\":[{\"@type\":\"SearchAction\",\"target\":{\"@type\":\"EntryPoint\",\"urlTemplate\":\"https:\\\/\\\/sme-d.se\\\/?s={search_term_string}\"},\"query-input\":{\"@type\":\"PropertyValueSpecification\",\"valueRequired\":true,\"valueName\":\"search_term_string\"}}],\"inLanguage\":\"en-US\"},{\"@type\":\"Organization\",\"@id\":\"https:\\\/\\\/sme-d.se\\\/#organization\",\"name\":\"SME-D\",\"url\":\"https:\\\/\\\/sme-d.se\\\/\",\"logo\":{\"@type\":\"ImageObject\",\"inLanguage\":\"en-US\",\"@id\":\"https:\\\/\\\/sme-d.se\\\/#\\\/schema\\\/logo\\\/image\\\/\",\"url\":\"https:\\\/\\\/sme-d.se\\\/wp-content\\\/uploads\\\/2023\\\/12\\\/SME-logga-ny2-1.png\",\"contentUrl\":\"https:\\\/\\\/sme-d.se\\\/wp-content\\\/uploads\\\/2023\\\/12\\\/SME-logga-ny2-1.png\",\"width\":200,\"height\":58,\"caption\":\"SME-D\"},\"image\":{\"@id\":\"https:\\\/\\\/sme-d.se\\\/#\\\/schema\\\/logo\\\/image\\\/\"}}]}<\/script>\n<!-- \/ Yoast SEO plugin. -->","yoast_head_json":{"title":"Membership - SME-D","robots":{"index":"index","follow":"follow","max-snippet":"max-snippet:-1","max-image-preview":"max-image-preview:large","max-video-preview":"max-video-preview:-1"},"canonical":"https:\/\/sme-d.se\/en\/medlemskap\/","og_locale":"en_US","og_type":"article","og_title":"Medlemskap - SME-D","og_description":"Intresseanm\u00e4lan medlemskap","og_url":"https:\/\/sme-d.se\/en\/medlemskap\/","og_site_name":"SME-D","article_modified_time":"2026-01-13T16:36:02+00:00","og_image":[{"url":"https:\/\/smed.acrowd.se\/wp-content\/uploads\/2023\/10\/IMG_3782-scaled-1.jpg","type":"","width":"","height":""}],"twitter_card":"summary_large_image","twitter_misc":{"Est. reading time":"1 minute"},"schema":{"@context":"https:\/\/schema.org","@graph":[{"@type":"WebPage","@id":"https:\/\/sme-d.se\/medlemskap\/","url":"https:\/\/sme-d.se\/medlemskap\/","name":"Membership - SME-D","isPartOf":{"@id":"https:\/\/sme-d.se\/#website"},"primaryImageOfPage":{"@id":"https:\/\/sme-d.se\/medlemskap\/#primaryimage"},"image":{"@id":"https:\/\/sme-d.se\/medlemskap\/#primaryimage"},"thumbnailUrl":"https:\/\/smed.acrowd.se\/wp-content\/uploads\/2023\/10\/IMG_3782-scaled-1.jpg","datePublished":"2023-12-21T15:51:24+00:00","dateModified":"2026-01-13T16:36:02+00:00","breadcrumb":{"@id":"https:\/\/sme-d.se\/medlemskap\/#breadcrumb"},"inLanguage":"en-US","potentialAction":[{"@type":"ReadAction","target":["https:\/\/sme-d.se\/medlemskap\/"]}]},{"@type":"ImageObject","inLanguage":"en-US","@id":"https:\/\/sme-d.se\/medlemskap\/#primaryimage","url":"https:\/\/smed.acrowd.se\/wp-content\/uploads\/2023\/10\/IMG_3782-scaled-1.jpg","contentUrl":"https:\/\/smed.acrowd.se\/wp-content\/uploads\/2023\/10\/IMG_3782-scaled-1.jpg"},{"@type":"BreadcrumbList","@id":"https:\/\/sme-d.se\/medlemskap\/#breadcrumb","itemListElement":[{"@type":"ListItem","position":1,"name":"Home","item":"https:\/\/sme-d.se\/"},{"@type":"ListItem","position":2,"name":"Medlemskap"}]},{"@type":"WebSite","@id":"https:\/\/sme-d.se\/#website","url":"https:\/\/sme-d.se\/","name":"SMITH","description":"The industry association for small and medium-sized enterprises (SMEs) in the Swedish defense sector","publisher":{"@id":"https:\/\/sme-d.se\/#organization"},"potentialAction":[{"@type":"SearchAction","target":{"@type":"EntryPoint","urlTemplate":"https:\/\/sme-d.se\/?s={search_term_string}"},"query-input":{"@type":"PropertyValueSpecification","valueRequired":true,"valueName":"search_term_string"}}],"inLanguage":"en-US"},{"@type":"Organization","@id":"https:\/\/sme-d.se\/#organization","name":"SMITH","url":"https:\/\/sme-d.se\/","logo":{"@type":"ImageObject","inLanguage":"en-US","@id":"https:\/\/sme-d.se\/#\/schema\/logo\/image\/","url":"https:\/\/sme-d.se\/wp-content\/uploads\/2023\/12\/SME-logga-ny2-1.png","contentUrl":"https:\/\/sme-d.se\/wp-content\/uploads\/2023\/12\/SME-logga-ny2-1.png","width":200,"height":58,"caption":"SME-D"},"image":{"@id":"https:\/\/sme-d.se\/#\/schema\/logo\/image\/"}}]}},"_links":{"self":[{"href":"https:\/\/sme-d.se\/en\/wp-json\/wp\/v2\/pages\/663891","targetHints":{"allow":["GET"]}}],"collection":[{"href":"https:\/\/sme-d.se\/en\/wp-json\/wp\/v2\/pages"}],"about":[{"href":"https:\/\/sme-d.se\/en\/wp-json\/wp\/v2\/types\/page"}],"author":[{"embeddable":true,"href":"https:\/\/sme-d.se\/en\/wp-json\/wp\/v2\/users\/2"}],"replies":[{"embeddable":true,"href":"https:\/\/sme-d.se\/en\/wp-json\/wp\/v2\/comments?post=663891"}],"version-history":[{"count":35,"href":"https:\/\/sme-d.se\/en\/wp-json\/wp\/v2\/pages\/663891\/revisions"}],"predecessor-version":[{"id":665283,"href":"https:\/\/sme-d.se\/en\/wp-json\/wp\/v2\/pages\/663891\/revisions\/665283"}],"wp:attachment":[{"href":"https:\/\/sme-d.se\/en\/wp-json\/wp\/v2\/media?parent=663891"}],"curies":[{"name":"wp","href":"https:\/\/api.w.org\/{rel}","templated":true}]}}