{"id":663889,"date":"2023-12-21T16:48:04","date_gmt":"2023-12-21T15:48:04","guid":{"rendered":"https:\/\/smed.acrowd.se\/?page_id=663889"},"modified":"2026-01-19T12:05:52","modified_gmt":"2026-01-19T11:05:52","slug":"kontakta-oss","status":"publish","type":"page","link":"https:\/\/sme-d.se\/en\/kontakta-oss\/","title":{"rendered":"Contact us"},"content":{"rendered":"<section  class=\"tebab-block-hero alignfull\" style=\"--heading-color: #ffffff;\">\n\n    <img loading=\"lazy\" decoding=\"async\" width=\"1920\" height=\"1078\" src=\"https:\/\/sme-d.se\/wp-content\/uploads\/2024\/01\/hendrik-morkel-Cvj4LJIHJ3Q-unsplash-1920x1078.jpg\" class=\"attachment-landscape size-landscape\" alt=\"\" srcset=\"https:\/\/sme-d.se\/wp-content\/uploads\/2024\/01\/hendrik-morkel-Cvj4LJIHJ3Q-unsplash-1920x1078.jpg 1920w, https:\/\/sme-d.se\/wp-content\/uploads\/2024\/01\/hendrik-morkel-Cvj4LJIHJ3Q-unsplash-300x168.jpg 300w, https:\/\/sme-d.se\/wp-content\/uploads\/2024\/01\/hendrik-morkel-Cvj4LJIHJ3Q-unsplash-1024x575.jpg 1024w, https:\/\/sme-d.se\/wp-content\/uploads\/2024\/01\/hendrik-morkel-Cvj4LJIHJ3Q-unsplash-768x431.jpg 768w, https:\/\/sme-d.se\/wp-content\/uploads\/2024\/01\/hendrik-morkel-Cvj4LJIHJ3Q-unsplash-1536x863.jpg 1536w, https:\/\/sme-d.se\/wp-content\/uploads\/2024\/01\/hendrik-morkel-Cvj4LJIHJ3Q-unsplash-2048x1150.jpg 2048w\" sizes=\"auto, (max-width: 1920px) 100vw, 1920px\" \/>\n    <div class=\"contained\">\n                <h1 class=\"tebab-block-hero__heading\">\n            Contact us at SME-D        <\/h1>\n\n                    <div class=\"tebab-block-hero__buttons\">\n                                    <a href=\"mailto:kansliet@sme-d.se\" class=\"button primary\" target=\"\" rel=\"noreferrer\">Email the office<\/a>\n                            <\/div>\n            <\/div>\n<\/section>\n\n\n<div style=\"height:var(--wp--preset--spacing--80)\" aria-hidden=\"true\" class=\"wp-block-spacer\"><\/div>\n\n\n\n<div class=\"wp-block-columns alignwide is-layout-flex wp-container-core-columns-is-layout-9d6595d7 wp-block-columns-is-layout-flex\">\n<div class=\"wp-block-column is-content-justification-left is-layout-constrained wp-container-core-column-is-layout-2f799918 wp-block-column-is-layout-constrained\">\n<h1 class=\"wp-block-heading alignwide\">Contact us<\/h1>\n\n\n\n<p>Here you will find our contact information.<\/p>\n\n\n\n<p>SME-D has an office at TechSverige.<br><br>TechSverige is an industry and employer organization for all companies in the tech sector. TechSverige&#039;s mission is to work with its members to create the best possible conditions for a competitive Swedish tech industry that drives innovation and development throughout society.&nbsp;<\/p>\n\n\n\n<p>TechSverige brings together approximately 1,400 companies that together have nearly 100,000 employees in Sweden. These include everything from startups to large multinational companies.&nbsp;<\/p>\n<\/div>\n\n\n\n<div class=\"wp-block-column is-vertically-aligned-top is-content-justification-right is-layout-constrained wp-container-core-column-is-layout-b1143090 wp-block-column-is-layout-constrained\">\n<p><strong>E-mail<\/strong><br><a href=\"mailto:kansliet@sme-d.se\">office@sme-d.se<\/a><br><br><strong>Postal address<\/strong><br><strong>SMITH<\/strong><br>c\/o TechSweden<br>Main Street 19<br>114 82 Stockholm<\/p>\n<\/div>\n<\/div>\n\n\n\n<div style=\"height:10px\" aria-hidden=\"true\" class=\"wp-block-spacer\"><\/div>\n\n\n\n<h1 class=\"wp-block-heading alignwide\">Our office<\/h1>\n\n\n<section  class=\"tebab-block-person_grid alignwide layout-small\">\n    <div class=\"contained\">\n        <div class=\"grid\">\n            <div class=\"person-card\">\n    \n            <div class=\"featured_image\">\n            <img loading=\"lazy\" decoding=\"async\" width=\"150\" height=\"150\" src=\"https:\/\/sme-d.se\/wp-content\/uploads\/2024\/01\/Jonas-Sandwall-150x150.png\" class=\"attachment-thumbnail size-thumbnail\" alt=\"Jonas Sandwall Generalsekreterare SME-D\" \/>        <\/div>\n    \n    <div class=\"content-wrapper\">\n        <div class=\"top\">\n                            <div class=\"title\">\n                    SME-D \/ TechSweden                <\/div>\n                    <\/div>\n        \n        <h3>Jonas Sandwall<\/h3>\n\n                    <div class=\"excerpt\">\n                Secretary General SME-D            <\/div>\n        \n        <div class=\"links\">\n            \n                            <a href=\"mailto:jonas.sandwall@techsverige.se\">\n                    <div class=\"icon icon-envelope\"><\/div> jonas.sandwall@techsverige.se                <\/a>\n                    <\/div>\n        \n    <\/div>\n<\/div>        <\/div>\n    <\/div>\n<\/section>\n\n\n<div style=\"height:20px\" aria-hidden=\"true\" class=\"wp-block-spacer\"><\/div>\n\n\n\n<div style=\"height:0px\" aria-hidden=\"true\" class=\"wp-block-spacer\"><\/div>\n\n\n\n<div style=\"height:81px\" aria-hidden=\"true\" class=\"wp-block-spacer\"><\/div>\n\n\n\n<div class=\"wp-block-group alignwide tebab-form-image is-content-justification-left is-nowrap is-layout-flex wp-container-core-group-is-layout-f56a869c wp-block-group-is-layout-flex\">\n<figure class=\"wp-block-gallery has-nested-images columns-default is-cropped wp-block-gallery-1 is-layout-flex wp-block-gallery-is-layout-flex\">\n<figure class=\"wp-block-image size-full is-style-rounded\"><img loading=\"lazy\" decoding=\"async\" width=\"2560\" height=\"1703\" data-id=\"663530\" src=\"https:\/\/smed.acrowd.se\/wp-content\/uploads\/2023\/11\/glenn-carstens-peters-npxXWgQ33ZQ-unsplash-scaled-1.jpg\" alt=\"\" class=\"wp-image-663530\" style=\"aspect-ratio:1;object-fit:cover\" srcset=\"https:\/\/sme-d.se\/wp-content\/uploads\/2023\/11\/glenn-carstens-peters-npxXWgQ33ZQ-unsplash-scaled-1.jpg 2560w, https:\/\/sme-d.se\/wp-content\/uploads\/2023\/11\/glenn-carstens-peters-npxXWgQ33ZQ-unsplash-scaled-1-300x200.jpg 300w, https:\/\/sme-d.se\/wp-content\/uploads\/2023\/11\/glenn-carstens-peters-npxXWgQ33ZQ-unsplash-scaled-1-1024x681.jpg 1024w, https:\/\/sme-d.se\/wp-content\/uploads\/2023\/11\/glenn-carstens-peters-npxXWgQ33ZQ-unsplash-scaled-1-768x511.jpg 768w, https:\/\/sme-d.se\/wp-content\/uploads\/2023\/11\/glenn-carstens-peters-npxXWgQ33ZQ-unsplash-scaled-1-1536x1022.jpg 1536w, https:\/\/sme-d.se\/wp-content\/uploads\/2023\/11\/glenn-carstens-peters-npxXWgQ33ZQ-unsplash-scaled-1-2048x1362.jpg 2048w, https:\/\/sme-d.se\/wp-content\/uploads\/2023\/11\/glenn-carstens-peters-npxXWgQ33ZQ-unsplash-scaled-1-1623x1080.jpg 1623w\" sizes=\"auto, (max-width: 2560px) 100vw, 2560px\" \/><\/figure>\n<\/figure>\n\n\n\n<div class=\"wp-block-group tebab-form-image__content has-white-background-color has-background wp-container-content-9cfa9a5a is-nowrap is-layout-flex wp-container-core-group-is-layout-ad2f72ca wp-block-group-is-layout-flex\">\n<h2 class=\"wp-block-heading\">Would you rather be contacted by us? <\/h2>\n\n\n\n<p>Fill out the form and we will get back to you as soon as possible!<\/p>\n\n\n\n<p><\/p>\n\n\n<section  class=\"tebab-block-form\">\n    <form data-tebab-form=\"block_68ce2c1e8a207062d35da3091ab4fcc8\" data-tebab-page=\"663889\" action=\"\">\n        <label class=\"input-wrapper required\" for=\"vill-hellre-bli-kontaktad\">\n    <span>Email: *<\/span>\n    <input type=\"email\" name=\"vill-hellre-bli-kontaktad\" id=\"vill-hellre-bli-kontaktad\" placeholder=\"example@sme-d.se\" required>\n<\/label>\n        <div class=\"input-wrapper\">\n            <button type=\"submit\" class=\"button\">Send<\/button>\n        <\/div>\n\n            <input type=\"hidden\" name=\"trp-form-language\" value=\"en\"\/><\/form>\n<\/section><\/div>\n<\/div>\n\n\n\n<div style=\"height:81px\" aria-hidden=\"true\" class=\"wp-block-spacer\"><\/div>","protected":false},"excerpt":{"rendered":"<p>Contact us Here you will find our contact details. SME-D has its office at TechSverige. TechSverige is an industry and employer organization for all companies in the tech sector. TechSverige&#039;s mission is to work with its members to create the best possible conditions for a competitive Swedish tech industry that drives innovation and development throughout society. TechSverige brings together approximately 1,400 companies that together have nearly 100,000 employees in [\u2026]<\/p>","protected":false},"author":2,"featured_media":665243,"parent":0,"menu_order":0,"comment_status":"closed","ping_status":"closed","template":"","meta":{"footnotes":""},"class_list":["post-663889","page","type-page","status-publish","has-post-thumbnail","hentry"],"acf":[],"yoast_head":"<!-- This site is optimized with the Yoast SEO plugin v27.5 - https:\/\/yoast.com\/product\/yoast-seo-wordpress\/ -->\n<title>Kontakta oss - SME-D<\/title>\n<meta name=\"robots\" content=\"index, follow, max-snippet:-1, max-image-preview:large, max-video-preview:-1\" \/>\n<link rel=\"canonical\" href=\"https:\/\/sme-d.se\/en\/kontakta-oss\/\" \/>\n<meta property=\"og:locale\" content=\"en_US\" \/>\n<meta property=\"og:type\" content=\"article\" \/>\n<meta property=\"og:title\" content=\"Kontakta oss - SME-D\" \/>\n<meta property=\"og:description\" content=\"Kontakta oss H\u00e4r hittar du kontaktuppgifter till oss. SME-D har kansli hos TechSverige. TechSverige&nbsp;\u00e4r en bransch- och arbetsgivarorganisation f\u00f6r alla f\u00f6retag inom&nbsp;techsektorn.&nbsp;TechSveriges&nbsp;uppdrag \u00e4r att tillsammans med medlemmarna skapa b\u00e4sta m\u00f6jliga f\u00f6ruts\u00e4ttningar f\u00f6r en konkurrenskraftig svensk&nbsp;techbransch&nbsp;som driver innovation och utveckling i hela samh\u00e4llet.\u202f&nbsp; TechSverige&nbsp;samlar cirka 1 400 f\u00f6retag som sammantaget har n\u00e4rmare 100 000 medarbetare i [&hellip;]\" \/>\n<meta property=\"og:url\" content=\"https:\/\/sme-d.se\/en\/kontakta-oss\/\" \/>\n<meta property=\"og:site_name\" content=\"SME-D\" \/>\n<meta property=\"article:modified_time\" content=\"2026-01-19T11:05:52+00:00\" \/>\n<meta property=\"og:image\" content=\"https:\/\/sme-d.se\/wp-content\/uploads\/2026\/01\/iStock-157282624-scaled.jpg\" \/>\n\t<meta property=\"og:image:width\" content=\"2560\" \/>\n\t<meta property=\"og:image:height\" content=\"1707\" \/>\n\t<meta property=\"og:image:type\" content=\"image\/jpeg\" \/>\n<meta name=\"twitter:card\" content=\"summary_large_image\" \/>\n<meta name=\"twitter:label1\" content=\"Est. reading time\" \/>\n\t<meta name=\"twitter:data1\" content=\"1 minute\" \/>\n<script type=\"application\/ld+json\" class=\"yoast-schema-graph\">{\"@context\":\"https:\\\/\\\/schema.org\",\"@graph\":[{\"@type\":\"WebPage\",\"@id\":\"https:\\\/\\\/sme-d.se\\\/kontakta-oss\\\/\",\"url\":\"https:\\\/\\\/sme-d.se\\\/kontakta-oss\\\/\",\"name\":\"Kontakta oss - SME-D\",\"isPartOf\":{\"@id\":\"https:\\\/\\\/sme-d.se\\\/#website\"},\"primaryImageOfPage\":{\"@id\":\"https:\\\/\\\/sme-d.se\\\/kontakta-oss\\\/#primaryimage\"},\"image\":{\"@id\":\"https:\\\/\\\/sme-d.se\\\/kontakta-oss\\\/#primaryimage\"},\"thumbnailUrl\":\"https:\\\/\\\/sme-d.se\\\/wp-content\\\/uploads\\\/2026\\\/01\\\/iStock-157282624-scaled.jpg\",\"datePublished\":\"2023-12-21T15:48:04+00:00\",\"dateModified\":\"2026-01-19T11:05:52+00:00\",\"breadcrumb\":{\"@id\":\"https:\\\/\\\/sme-d.se\\\/kontakta-oss\\\/#breadcrumb\"},\"inLanguage\":\"en-US\",\"potentialAction\":[{\"@type\":\"ReadAction\",\"target\":[\"https:\\\/\\\/sme-d.se\\\/kontakta-oss\\\/\"]}]},{\"@type\":\"ImageObject\",\"inLanguage\":\"en-US\",\"@id\":\"https:\\\/\\\/sme-d.se\\\/kontakta-oss\\\/#primaryimage\",\"url\":\"https:\\\/\\\/sme-d.se\\\/wp-content\\\/uploads\\\/2026\\\/01\\\/iStock-157282624-scaled.jpg\",\"contentUrl\":\"https:\\\/\\\/sme-d.se\\\/wp-content\\\/uploads\\\/2026\\\/01\\\/iStock-157282624-scaled.jpg\",\"width\":2560,\"height\":1707},{\"@type\":\"BreadcrumbList\",\"@id\":\"https:\\\/\\\/sme-d.se\\\/kontakta-oss\\\/#breadcrumb\",\"itemListElement\":[{\"@type\":\"ListItem\",\"position\":1,\"name\":\"Home\",\"item\":\"https:\\\/\\\/sme-d.se\\\/\"},{\"@type\":\"ListItem\",\"position\":2,\"name\":\"Kontakta oss\"}]},{\"@type\":\"WebSite\",\"@id\":\"https:\\\/\\\/sme-d.se\\\/#website\",\"url\":\"https:\\\/\\\/sme-d.se\\\/\",\"name\":\"SME-D\",\"description\":\"Branschorganisationen f\u00f6r sm\u00e5 och medelstora f\u00f6retag (SME) inom svensk f\u00f6rsvarssektor\",\"publisher\":{\"@id\":\"https:\\\/\\\/sme-d.se\\\/#organization\"},\"potentialAction\":[{\"@type\":\"SearchAction\",\"target\":{\"@type\":\"EntryPoint\",\"urlTemplate\":\"https:\\\/\\\/sme-d.se\\\/?s={search_term_string}\"},\"query-input\":{\"@type\":\"PropertyValueSpecification\",\"valueRequired\":true,\"valueName\":\"search_term_string\"}}],\"inLanguage\":\"en-US\"},{\"@type\":\"Organization\",\"@id\":\"https:\\\/\\\/sme-d.se\\\/#organization\",\"name\":\"SME-D\",\"url\":\"https:\\\/\\\/sme-d.se\\\/\",\"logo\":{\"@type\":\"ImageObject\",\"inLanguage\":\"en-US\",\"@id\":\"https:\\\/\\\/sme-d.se\\\/#\\\/schema\\\/logo\\\/image\\\/\",\"url\":\"https:\\\/\\\/sme-d.se\\\/wp-content\\\/uploads\\\/2023\\\/12\\\/SME-logga-ny2-1.png\",\"contentUrl\":\"https:\\\/\\\/sme-d.se\\\/wp-content\\\/uploads\\\/2023\\\/12\\\/SME-logga-ny2-1.png\",\"width\":200,\"height\":58,\"caption\":\"SME-D\"},\"image\":{\"@id\":\"https:\\\/\\\/sme-d.se\\\/#\\\/schema\\\/logo\\\/image\\\/\"}}]}<\/script>\n<!-- \/ Yoast SEO plugin. -->","yoast_head_json":{"title":"Contact us - SME-D","robots":{"index":"index","follow":"follow","max-snippet":"max-snippet:-1","max-image-preview":"max-image-preview:large","max-video-preview":"max-video-preview:-1"},"canonical":"https:\/\/sme-d.se\/en\/kontakta-oss\/","og_locale":"en_US","og_type":"article","og_title":"Kontakta oss - SME-D","og_description":"Kontakta oss H\u00e4r hittar du kontaktuppgifter till oss. SME-D har kansli hos TechSverige. TechSverige&nbsp;\u00e4r en bransch- och arbetsgivarorganisation f\u00f6r alla f\u00f6retag inom&nbsp;techsektorn.&nbsp;TechSveriges&nbsp;uppdrag \u00e4r att tillsammans med medlemmarna skapa b\u00e4sta m\u00f6jliga f\u00f6ruts\u00e4ttningar f\u00f6r en konkurrenskraftig svensk&nbsp;techbransch&nbsp;som driver innovation och utveckling i hela samh\u00e4llet.\u202f&nbsp; TechSverige&nbsp;samlar cirka 1 400 f\u00f6retag som sammantaget har n\u00e4rmare 100 000 medarbetare i [&hellip;]","og_url":"https:\/\/sme-d.se\/en\/kontakta-oss\/","og_site_name":"SME-D","article_modified_time":"2026-01-19T11:05:52+00:00","og_image":[{"width":2560,"height":1707,"url":"https:\/\/sme-d.se\/wp-content\/uploads\/2026\/01\/iStock-157282624-scaled.jpg","type":"image\/jpeg"}],"twitter_card":"summary_large_image","twitter_misc":{"Est. reading time":"1 minute"},"schema":{"@context":"https:\/\/schema.org","@graph":[{"@type":"WebPage","@id":"https:\/\/sme-d.se\/kontakta-oss\/","url":"https:\/\/sme-d.se\/kontakta-oss\/","name":"Contact us - SME-D","isPartOf":{"@id":"https:\/\/sme-d.se\/#website"},"primaryImageOfPage":{"@id":"https:\/\/sme-d.se\/kontakta-oss\/#primaryimage"},"image":{"@id":"https:\/\/sme-d.se\/kontakta-oss\/#primaryimage"},"thumbnailUrl":"https:\/\/sme-d.se\/wp-content\/uploads\/2026\/01\/iStock-157282624-scaled.jpg","datePublished":"2023-12-21T15:48:04+00:00","dateModified":"2026-01-19T11:05:52+00:00","breadcrumb":{"@id":"https:\/\/sme-d.se\/kontakta-oss\/#breadcrumb"},"inLanguage":"en-US","potentialAction":[{"@type":"ReadAction","target":["https:\/\/sme-d.se\/kontakta-oss\/"]}]},{"@type":"ImageObject","inLanguage":"en-US","@id":"https:\/\/sme-d.se\/kontakta-oss\/#primaryimage","url":"https:\/\/sme-d.se\/wp-content\/uploads\/2026\/01\/iStock-157282624-scaled.jpg","contentUrl":"https:\/\/sme-d.se\/wp-content\/uploads\/2026\/01\/iStock-157282624-scaled.jpg","width":2560,"height":1707},{"@type":"BreadcrumbList","@id":"https:\/\/sme-d.se\/kontakta-oss\/#breadcrumb","itemListElement":[{"@type":"ListItem","position":1,"name":"Home","item":"https:\/\/sme-d.se\/"},{"@type":"ListItem","position":2,"name":"Kontakta oss"}]},{"@type":"WebSite","@id":"https:\/\/sme-d.se\/#website","url":"https:\/\/sme-d.se\/","name":"SMITH","description":"The industry association for small and medium-sized enterprises (SMEs) in the Swedish defense sector","publisher":{"@id":"https:\/\/sme-d.se\/#organization"},"potentialAction":[{"@type":"SearchAction","target":{"@type":"EntryPoint","urlTemplate":"https:\/\/sme-d.se\/?s={search_term_string}"},"query-input":{"@type":"PropertyValueSpecification","valueRequired":true,"valueName":"search_term_string"}}],"inLanguage":"en-US"},{"@type":"Organization","@id":"https:\/\/sme-d.se\/#organization","name":"SMITH","url":"https:\/\/sme-d.se\/","logo":{"@type":"ImageObject","inLanguage":"en-US","@id":"https:\/\/sme-d.se\/#\/schema\/logo\/image\/","url":"https:\/\/sme-d.se\/wp-content\/uploads\/2023\/12\/SME-logga-ny2-1.png","contentUrl":"https:\/\/sme-d.se\/wp-content\/uploads\/2023\/12\/SME-logga-ny2-1.png","width":200,"height":58,"caption":"SME-D"},"image":{"@id":"https:\/\/sme-d.se\/#\/schema\/logo\/image\/"}}]}},"_links":{"self":[{"href":"https:\/\/sme-d.se\/en\/wp-json\/wp\/v2\/pages\/663889","targetHints":{"allow":["GET"]}}],"collection":[{"href":"https:\/\/sme-d.se\/en\/wp-json\/wp\/v2\/pages"}],"about":[{"href":"https:\/\/sme-d.se\/en\/wp-json\/wp\/v2\/types\/page"}],"author":[{"embeddable":true,"href":"https:\/\/sme-d.se\/en\/wp-json\/wp\/v2\/users\/2"}],"replies":[{"embeddable":true,"href":"https:\/\/sme-d.se\/en\/wp-json\/wp\/v2\/comments?post=663889"}],"version-history":[{"count":53,"href":"https:\/\/sme-d.se\/en\/wp-json\/wp\/v2\/pages\/663889\/revisions"}],"predecessor-version":[{"id":665304,"href":"https:\/\/sme-d.se\/en\/wp-json\/wp\/v2\/pages\/663889\/revisions\/665304"}],"wp:featuredmedia":[{"embeddable":true,"href":"https:\/\/sme-d.se\/en\/wp-json\/wp\/v2\/media\/665243"}],"wp:attachment":[{"href":"https:\/\/sme-d.se\/en\/wp-json\/wp\/v2\/media?parent=663889"}],"curies":[{"name":"wp","href":"https:\/\/api.w.org\/{rel}","templated":true}]}}